{"id":100671,"date":"2022-04-09T09:22:05","date_gmt":"2022-04-09T09:22:05","guid":{"rendered":"https:\/\/ayart.ca\/?page_id=100671"},"modified":"2022-05-20T03:58:17","modified_gmt":"2022-05-20T03:58:17","slug":"home","status":"publish","type":"page","link":"https:\/\/ayart.ca\/fr\/","title":{"rendered":"Accueil"},"content":{"rendered":"<div data-elementor-type=\"wp-page\" data-elementor-id=\"100671\" class=\"elementor elementor-100671\">\n\t\t\t\t\t\t\t\t\t<section data-particle_enable=\"false\" data-particle-mobile-disabled=\"false\" class=\"elementor-section elementor-top-section elementor-element elementor-element-382fb2de elementor-section-full_width elementor-section-height-min-height elementor-section-height-default elementor-section-items-middle\" data-id=\"382fb2de\" data-element_type=\"section\" data-settings=\"{&quot;background_background&quot;:&quot;video&quot;,&quot;background_video_link&quot;:&quot;https:\\\/\\\/ayart.ca\\\/wp-content\\\/uploads\\\/2022\\\/04\\\/video-1650921084-1.mp4&quot;,&quot;background_play_once&quot;:&quot;yes&quot;,&quot;background_play_on_mobile&quot;:&quot;yes&quot;}\">\n\t\t\t\t\t\t\t\t<div class=\"elementor-background-video-container\">\n\t\t\t\t\t\t\t\t\t\t\t\t\t<video class=\"elementor-background-video-hosted elementor-html5-video\" autoplay muted playsinline><\/video>\n\t\t\t\t\t\t\t\t\t\t\t<\/div>\n\t\t\t\t\t\t\t\t<div class=\"elementor-container elementor-column-gap-default\">\n\t\t\t\t\t<div class=\"elementor-column elementor-col-100 elementor-top-column elementor-element elementor-element-67585872\" data-id=\"67585872\" data-element_type=\"column\">\n\t\t\t<div class=\"elementor-widget-wrap\">\n\t\t\t\t\t\t\t\t\t<\/div>\n\t\t<\/div>\n\t\t\t\t\t\t\t<\/div>\n\t\t<\/section>\n\t\t\t\t<section data-particle_enable=\"false\" data-particle-mobile-disabled=\"false\" class=\"elementor-section elementor-top-section elementor-element elementor-element-3454f96a elementor-section-content-middle elementor-section-boxed elementor-section-height-default elementor-section-height-default\" data-id=\"3454f96a\" data-element_type=\"section\">\n\t\t\t\t\t\t<div class=\"elementor-container elementor-column-gap-default\">\n\t\t\t\t\t<div class=\"elementor-column elementor-col-100 elementor-top-column elementor-element elementor-element-38d2e395\" data-id=\"38d2e395\" data-element_type=\"column\">\n\t\t\t<div class=\"elementor-widget-wrap elementor-element-populated\">\n\t\t\t\t\t\t\t\t<div class=\"elementor-element elementor-element-73802db5 elementor-widget elementor-widget-spacer\" data-id=\"73802db5\" data-element_type=\"widget\" data-widget_type=\"spacer.default\">\n\t\t\t\t<div class=\"elementor-widget-container\">\n\t\t\t<style>\/*! elementor - v3.9.2 - 21-12-2022 *\/\n.elementor-column .elementor-spacer-inner{height:var(--spacer-size)}.e-con{--container-widget-width:100%}.e-con-inner>.elementor-widget-spacer,.e-con>.elementor-widget-spacer{width:var(--container-widget-width,var(--spacer-size));--align-self:var(--container-widget-align-self,initial);--flex-shrink:0}.e-con-inner>.elementor-widget-spacer>.elementor-widget-container,.e-con-inner>.elementor-widget-spacer>.elementor-widget-container>.elementor-spacer,.e-con>.elementor-widget-spacer>.elementor-widget-container,.e-con>.elementor-widget-spacer>.elementor-widget-container>.elementor-spacer{height:100%}.e-con-inner>.elementor-widget-spacer>.elementor-widget-container>.elementor-spacer>.elementor-spacer-inner,.e-con>.elementor-widget-spacer>.elementor-widget-container>.elementor-spacer>.elementor-spacer-inner{height:var(--container-widget-height,var(--spacer-size))}<\/style>\t\t<div class=\"elementor-spacer\">\n\t\t\t<div class=\"elementor-spacer-inner\"><\/div>\n\t\t<\/div>\n\t\t\t\t<\/div>\n\t\t\t\t<\/div>\n\t\t\t\t<div class=\"elementor-element elementor-element-4ffb5769 elementor-widget elementor-widget-heading\" data-id=\"4ffb5769\" data-element_type=\"widget\" data-widget_type=\"heading.default\">\n\t\t\t\t<div class=\"elementor-widget-container\">\n\t\t\t<style>\/*! elementor - v3.9.2 - 21-12-2022 *\/\n.elementor-heading-title{padding:0;margin:0;line-height:1}.elementor-widget-heading .elementor-heading-title[class*=elementor-size-]>a{color:inherit;font-size:inherit;line-height:inherit}.elementor-widget-heading .elementor-heading-title.elementor-size-small{font-size:15px}.elementor-widget-heading .elementor-heading-title.elementor-size-medium{font-size:19px}.elementor-widget-heading .elementor-heading-title.elementor-size-large{font-size:29px}.elementor-widget-heading .elementor-heading-title.elementor-size-xl{font-size:39px}.elementor-widget-heading .elementor-heading-title.elementor-size-xxl{font-size:59px}<\/style><h2 class=\"elementor-heading-title elementor-size-default\">Meilleures Ventes<\/h2>\t\t<\/div>\n\t\t\t\t<\/div>\n\t\t\t\t<div class=\"elementor-element elementor-element-6bef3dcc elementor-widget elementor-widget-spacer\" data-id=\"6bef3dcc\" data-element_type=\"widget\" data-widget_type=\"spacer.default\">\n\t\t\t\t<div class=\"elementor-widget-container\">\n\t\t\t\t\t<div class=\"elementor-spacer\">\n\t\t\t<div class=\"elementor-spacer-inner\"><\/div>\n\t\t<\/div>\n\t\t\t\t<\/div>\n\t\t\t\t<\/div>\n\t\t\t\t<div class=\"elementor-element elementor-element-d43c61f elementor-product-loop-item--align-left elementor-grid-mobile-2 elementor-product-loop-item--align-center elementor-widget-mobile__width-inherit elementor-grid-4 elementor-grid-tablet-3 elementor-products-grid elementor-wc-products elementor-show-pagination-border-yes elementor-widget elementor-widget-woocommerce-products\" data-id=\"d43c61f\" data-element_type=\"widget\" data-widget_type=\"woocommerce-products.default\">\n\t\t\t\t<div class=\"elementor-widget-container\">\n\t\t\t<link rel=\"stylesheet\" href=\"https:\/\/ayart.ca\/wp-content\/plugins\/elementor-pro\/assets\/css\/widget-woocommerce.min.css\"><div class=\"woocommerce columns-4\"><ul class=\"products elementor-grid columns-4\">\n<li class=\"product type-product post-101963 status-publish first instock product_cat-best-selling has-post-thumbnail featured shipping-taxable purchasable product-type-variable\">\n\t<\/li>\n<li class=\"product type-product post-102444 status-publish instock product_cat-best-selling has-post-thumbnail featured shipping-taxable purchasable product-type-variable\">\n\t<\/li>\n<li class=\"product type-product post-101972 status-publish instock product_cat-best-selling has-post-thumbnail shipping-taxable purchasable product-type-variable\">\n\t<\/li>\n<li class=\"product type-product post-101535 status-publish last instock product_cat-best-selling has-post-thumbnail shipping-taxable purchasable product-type-variable\">\n\t<\/li>\n<li class=\"product type-product post-101545 status-publish first instock product_cat-best-selling has-post-thumbnail shipping-taxable purchasable product-type-variable\">\n\t<\/li>\n<li class=\"product type-product post-101555 status-publish instock product_cat-best-selling has-post-thumbnail shipping-taxable purchasable product-type-variable\">\n\t<\/li>\n<li class=\"product type-product post-101577 status-publish instock product_cat-best-selling has-post-thumbnail shipping-taxable purchasable product-type-variable\">\n\t<\/li>\n<li class=\"product type-product post-101588 status-publish last instock product_cat-best-selling has-post-thumbnail shipping-taxable purchasable product-type-variable\">\n\t<\/li>\n<li class=\"product type-product post-101599 status-publish first instock product_cat-best-selling has-post-thumbnail shipping-taxable purchasable product-type-variable\">\n\t<\/li>\n<li class=\"product type-product post-101610 status-publish instock product_cat-best-selling has-post-thumbnail shipping-taxable purchasable product-type-variable\">\n\t<\/li>\n<li class=\"product type-product post-101621 status-publish instock product_cat-best-selling has-post-thumbnail shipping-taxable purchasable product-type-variable\">\n\t<\/li>\n<li class=\"product type-product post-101632 status-publish last instock product_cat-best-selling has-post-thumbnail shipping-taxable purchasable product-type-variable\">\n\t<\/li>\n<li class=\"product type-product post-100998 status-publish first instock product_cat-best-selling has-post-thumbnail shipping-taxable purchasable product-type-variable\">\n\t<\/li>\n<li class=\"product type-product post-101986 status-publish instock product_cat-best-selling has-post-thumbnail shipping-taxable purchasable product-type-variable\">\n\t<\/li>\n<li class=\"product type-product post-102545 status-publish instock product_cat-best-selling has-post-thumbnail featured shipping-taxable purchasable product-type-variable\">\n\t<\/li>\n<li class=\"product type-product post-102577 status-publish last instock product_cat-best-selling has-post-thumbnail featured shipping-taxable purchasable product-type-variable\">\n\t<\/li>\n<li class=\"product type-product post-102517 status-publish first instock product_cat-best-selling has-post-thumbnail featured shipping-taxable purchasable product-type-variable\">\n\t<\/li>\n<li class=\"product type-product post-102590 status-publish instock product_cat-best-selling has-post-thumbnail featured shipping-taxable purchasable product-type-variable\">\n\t<\/li>\n<li class=\"product type-product post-100993 status-publish instock product_cat-best-selling has-post-thumbnail shipping-taxable purchasable product-type-variable\">\n\t<\/li>\n<li class=\"product type-product post-102508 status-publish last instock product_cat-best-selling has-post-thumbnail featured shipping-taxable purchasable product-type-variable\">\n\t<\/li>\n<\/ul>\n<\/div>\t\t<\/div>\n\t\t\t\t<\/div>\n\t\t\t\t<div class=\"elementor-element elementor-element-c03599a elementor-align-center elementor-widget elementor-widget-button\" data-id=\"c03599a\" data-element_type=\"widget\" data-widget_type=\"button.default\">\n\t\t\t\t<div class=\"elementor-widget-container\">\n\t\t\t\t\t<div class=\"elementor-button-wrapper\">\n\t\t\t<a href=\"https:\/\/ayart.ca\/fr\/gallery\/\" class=\"elementor-button-link elementor-button elementor-size-lg\" role=\"button\">\n\t\t\t\t\t\t<span class=\"elementor-button-content-wrapper\">\n\t\t\t\t\t\t<span class=\"elementor-button-text\">Tout Magasiner<\/span>\n\t\t<\/span>\n\t\t\t\t\t<\/a>\n\t\t<\/div>\n\t\t\t\t<\/div>\n\t\t\t\t<\/div>\n\t\t\t\t\t<\/div>\n\t\t<\/div>\n\t\t\t\t\t\t\t<\/div>\n\t\t<\/section>\n\t\t\t\t<section data-particle_enable=\"false\" data-particle-mobile-disabled=\"false\" class=\"elementor-section elementor-top-section elementor-element elementor-element-2a12aaa elementor-section-boxed elementor-section-height-default elementor-section-height-default\" data-id=\"2a12aaa\" data-element_type=\"section\">\n\t\t\t\t\t\t<div class=\"elementor-container elementor-column-gap-default\">\n\t\t\t\t\t<div class=\"elementor-column elementor-col-100 elementor-top-column elementor-element elementor-element-a94ad43\" data-id=\"a94ad43\" data-element_type=\"column\">\n\t\t\t<div class=\"elementor-widget-wrap elementor-element-populated\">\n\t\t\t\t\t\t\t\t<section data-particle_enable=\"false\" data-particle-mobile-disabled=\"false\" class=\"elementor-section elementor-inner-section elementor-element elementor-element-4f8f374 elementor-section-boxed elementor-section-height-default elementor-section-height-default\" data-id=\"4f8f374\" data-element_type=\"section\">\n\t\t\t\t\t\t<div class=\"elementor-container elementor-column-gap-default\">\n\t\t\t\t\t<div class=\"elementor-column elementor-col-100 elementor-inner-column elementor-element elementor-element-8c7560b\" data-id=\"8c7560b\" data-element_type=\"column\">\n\t\t\t<div class=\"elementor-widget-wrap elementor-element-populated\">\n\t\t\t\t\t\t\t\t<div class=\"elementor-element elementor-element-10cd53b elementor-widget elementor-widget-text-editor\" data-id=\"10cd53b\" data-element_type=\"widget\" data-widget_type=\"text-editor.default\">\n\t\t\t\t<div class=\"elementor-widget-container\">\n\t\t\t<style>\/*! elementor - v3.9.2 - 21-12-2022 *\/\n.elementor-widget-text-editor.elementor-drop-cap-view-stacked .elementor-drop-cap{background-color:#818a91;color:#fff}.elementor-widget-text-editor.elementor-drop-cap-view-framed .elementor-drop-cap{color:#818a91;border:3px solid;background-color:transparent}.elementor-widget-text-editor:not(.elementor-drop-cap-view-default) .elementor-drop-cap{margin-top:8px}.elementor-widget-text-editor:not(.elementor-drop-cap-view-default) .elementor-drop-cap-letter{width:1em;height:1em}.elementor-widget-text-editor .elementor-drop-cap{float:left;text-align:center;line-height:1;font-size:50px}.elementor-widget-text-editor .elementor-drop-cap-letter{display:inline-block}<\/style>\t\t\t\t<p>Aya omrane artiste bas\u00e9e \u00e0 Montr\u00e9al sp\u00e9cialis\u00e9e en art num\u00e9rique contemporain. Gr\u00e2ce \u00e0 la calligraphie arabe et la panoplie de couleurs utilis\u00e9es dans ses \u0153uvres un message de soutien et de libert\u00e9 est transmis \u00e0 toutes les femmes du monde entier. Elle s inspir\u00e9 de la diversit\u00e9 et le paysage multicultural de Montr\u00e9al.<\/p>\t\t\t\t\t\t<\/div>\n\t\t\t\t<\/div>\n\t\t\t\t\t<\/div>\n\t\t<\/div>\n\t\t\t\t\t\t\t<\/div>\n\t\t<\/section>\n\t\t\t\t\t<\/div>\n\t\t<\/div>\n\t\t\t\t\t\t\t<\/div>\n\t\t<\/section>\n\t\t\t\t<section data-particle_enable=\"false\" data-particle-mobile-disabled=\"false\" class=\"elementor-section elementor-top-section elementor-element elementor-element-fa5c3bf elementor-section-content-middle elementor-section-boxed elementor-section-height-default elementor-section-height-default\" data-id=\"fa5c3bf\" data-element_type=\"section\">\n\t\t\t\t\t\t<div class=\"elementor-container elementor-column-gap-default\">\n\t\t\t\t\t<div class=\"elementor-column elementor-col-20 elementor-top-column elementor-element elementor-element-9a1538a\" data-id=\"9a1538a\" data-element_type=\"column\">\n\t\t\t<div class=\"elementor-widget-wrap elementor-element-populated\">\n\t\t\t\t\t\t\t\t<div class=\"elementor-element elementor-element-e3cf311 elementor-widget elementor-widget-image\" data-id=\"e3cf311\" data-element_type=\"widget\" data-widget_type=\"image.default\">\n\t\t\t\t<div class=\"elementor-widget-container\">\n\t\t\t<style>\/*! elementor - v3.9.2 - 21-12-2022 *\/\n.elementor-widget-image{text-align:center}.elementor-widget-image a{display:inline-block}.elementor-widget-image a img[src$=\".svg\"]{width:48px}.elementor-widget-image img{vertical-align:middle;display:inline-block}<\/style>\t\t\t\t\t\t\t\t\t\t\t\t<img decoding=\"async\" width=\"588\" height=\"545\" src=\"https:\/\/ayart.ca\/wp-content\/uploads\/2022\/04\/ig-page-icons-16.png\" class=\"attachment-large size-large wp-image-101820\" alt=\"\" loading=\"lazy\" srcset=\"https:\/\/ayart.ca\/wp-content\/uploads\/2022\/04\/ig-page-icons-16.png 588w, https:\/\/ayart.ca\/wp-content\/uploads\/2022\/04\/ig-page-icons-16-300x278.png 300w, https:\/\/ayart.ca\/wp-content\/uploads\/2022\/04\/ig-page-icons-16-13x12.png 13w, https:\/\/ayart.ca\/wp-content\/uploads\/2022\/04\/ig-page-icons-16-64x59.png 64w\" sizes=\"(max-width: 588px) 100vw, 588px\" \/>\t\t\t\t\t\t\t\t\t\t\t\t\t\t\t<\/div>\n\t\t\t\t<\/div>\n\t\t\t\t\t<\/div>\n\t\t<\/div>\n\t\t\t\t<div class=\"elementor-column elementor-col-20 elementor-top-column elementor-element elementor-element-26780b3\" data-id=\"26780b3\" data-element_type=\"column\">\n\t\t\t<div class=\"elementor-widget-wrap elementor-element-populated\">\n\t\t\t\t\t\t\t\t<div class=\"elementor-element elementor-element-53b3ebd elementor-widget elementor-widget-image\" data-id=\"53b3ebd\" data-element_type=\"widget\" data-widget_type=\"image.default\">\n\t\t\t\t<div class=\"elementor-widget-container\">\n\t\t\t\t\t\t\t\t\t\t\t\t\t\t\t<img decoding=\"async\" width=\"588\" height=\"543\" src=\"https:\/\/ayart.ca\/wp-content\/uploads\/2022\/04\/ig-page-icons-17.png\" class=\"attachment-large size-large wp-image-101821\" alt=\"\" loading=\"lazy\" srcset=\"https:\/\/ayart.ca\/wp-content\/uploads\/2022\/04\/ig-page-icons-17.png 588w, https:\/\/ayart.ca\/wp-content\/uploads\/2022\/04\/ig-page-icons-17-300x277.png 300w, https:\/\/ayart.ca\/wp-content\/uploads\/2022\/04\/ig-page-icons-17-13x12.png 13w, https:\/\/ayart.ca\/wp-content\/uploads\/2022\/04\/ig-page-icons-17-64x59.png 64w\" sizes=\"(max-width: 588px) 100vw, 588px\" \/>\t\t\t\t\t\t\t\t\t\t\t\t\t\t\t<\/div>\n\t\t\t\t<\/div>\n\t\t\t\t\t<\/div>\n\t\t<\/div>\n\t\t\t\t<div class=\"elementor-column elementor-col-20 elementor-top-column elementor-element elementor-element-87adf05\" data-id=\"87adf05\" data-element_type=\"column\">\n\t\t\t<div class=\"elementor-widget-wrap elementor-element-populated\">\n\t\t\t\t\t\t\t\t<div class=\"elementor-element elementor-element-25b5f9f elementor-widget elementor-widget-image\" data-id=\"25b5f9f\" data-element_type=\"widget\" data-widget_type=\"image.default\">\n\t\t\t\t<div class=\"elementor-widget-container\">\n\t\t\t\t\t\t\t\t\t\t\t\t\t\t\t<img decoding=\"async\" width=\"588\" height=\"545\" src=\"https:\/\/ayart.ca\/wp-content\/uploads\/2022\/04\/ig-page-icons-15.png\" class=\"attachment-large size-large wp-image-101819\" alt=\"\" loading=\"lazy\" srcset=\"https:\/\/ayart.ca\/wp-content\/uploads\/2022\/04\/ig-page-icons-15.png 588w, https:\/\/ayart.ca\/wp-content\/uploads\/2022\/04\/ig-page-icons-15-300x278.png 300w, https:\/\/ayart.ca\/wp-content\/uploads\/2022\/04\/ig-page-icons-15-13x12.png 13w, https:\/\/ayart.ca\/wp-content\/uploads\/2022\/04\/ig-page-icons-15-64x59.png 64w\" sizes=\"(max-width: 588px) 100vw, 588px\" \/>\t\t\t\t\t\t\t\t\t\t\t\t\t\t\t<\/div>\n\t\t\t\t<\/div>\n\t\t\t\t\t<\/div>\n\t\t<\/div>\n\t\t\t\t<div class=\"elementor-column elementor-col-20 elementor-top-column elementor-element elementor-element-591cea3\" data-id=\"591cea3\" data-element_type=\"column\">\n\t\t\t<div class=\"elementor-widget-wrap elementor-element-populated\">\n\t\t\t\t\t\t\t\t<div class=\"elementor-element elementor-element-f573907 elementor-widget elementor-widget-image\" data-id=\"f573907\" data-element_type=\"widget\" data-widget_type=\"image.default\">\n\t\t\t\t<div class=\"elementor-widget-container\">\n\t\t\t\t\t\t\t\t\t\t\t\t\t\t\t<img decoding=\"async\" width=\"590\" height=\"547\" src=\"https:\/\/ayart.ca\/wp-content\/uploads\/2022\/04\/ig-page-icons-14.png\" class=\"attachment-large size-large wp-image-101818\" alt=\"\" loading=\"lazy\" srcset=\"https:\/\/ayart.ca\/wp-content\/uploads\/2022\/04\/ig-page-icons-14.png 590w, https:\/\/ayart.ca\/wp-content\/uploads\/2022\/04\/ig-page-icons-14-300x278.png 300w, https:\/\/ayart.ca\/wp-content\/uploads\/2022\/04\/ig-page-icons-14-13x12.png 13w, https:\/\/ayart.ca\/wp-content\/uploads\/2022\/04\/ig-page-icons-14-64x59.png 64w\" sizes=\"(max-width: 590px) 100vw, 590px\" \/>\t\t\t\t\t\t\t\t\t\t\t\t\t\t\t<\/div>\n\t\t\t\t<\/div>\n\t\t\t\t\t<\/div>\n\t\t<\/div>\n\t\t\t\t<div class=\"elementor-column elementor-col-20 elementor-top-column elementor-element elementor-element-8e00118 elementor-hidden-mobile\" data-id=\"8e00118\" data-element_type=\"column\">\n\t\t\t<div class=\"elementor-widget-wrap elementor-element-populated\">\n\t\t\t\t\t\t\t\t<div class=\"elementor-element elementor-element-d481456 elementor-widget elementor-widget-image\" data-id=\"d481456\" data-element_type=\"widget\" data-widget_type=\"image.default\">\n\t\t\t\t<div class=\"elementor-widget-container\">\n\t\t\t\t\t\t\t\t\t\t\t\t\t\t\t<img decoding=\"async\" width=\"588\" height=\"544\" src=\"https:\/\/ayart.ca\/wp-content\/uploads\/2022\/04\/ig-page-icons-13.png\" class=\"attachment-large size-large wp-image-101817\" alt=\"\" loading=\"lazy\" srcset=\"https:\/\/ayart.ca\/wp-content\/uploads\/2022\/04\/ig-page-icons-13.png 588w, https:\/\/ayart.ca\/wp-content\/uploads\/2022\/04\/ig-page-icons-13-300x278.png 300w, https:\/\/ayart.ca\/wp-content\/uploads\/2022\/04\/ig-page-icons-13-13x12.png 13w, https:\/\/ayart.ca\/wp-content\/uploads\/2022\/04\/ig-page-icons-13-64x59.png 64w\" sizes=\"(max-width: 588px) 100vw, 588px\" \/>\t\t\t\t\t\t\t\t\t\t\t\t\t\t\t<\/div>\n\t\t\t\t<\/div>\n\t\t\t\t\t<\/div>\n\t\t<\/div>\n\t\t\t\t\t\t\t<\/div>\n\t\t<\/section>\n\t\t\t\t<section data-particle_enable=\"false\" data-particle-mobile-disabled=\"false\" class=\"elementor-section elementor-top-section elementor-element elementor-element-28fcf91 elementor-section-boxed elementor-section-height-default elementor-section-height-default\" data-id=\"28fcf91\" data-element_type=\"section\">\n\t\t\t\t\t\t<div class=\"elementor-container elementor-column-gap-default\">\n\t\t\t\t\t<div class=\"elementor-column elementor-col-100 elementor-top-column elementor-element elementor-element-4f61bd4\" data-id=\"4f61bd4\" data-element_type=\"column\">\n\t\t\t<div class=\"elementor-widget-wrap elementor-element-populated\">\n\t\t\t\t\t\t\t\t<section data-particle_enable=\"false\" data-particle-mobile-disabled=\"false\" class=\"elementor-section elementor-inner-section elementor-element elementor-element-af1d151 elementor-section-boxed elementor-section-height-default elementor-section-height-default\" data-id=\"af1d151\" data-element_type=\"section\">\n\t\t\t\t\t\t<div class=\"elementor-container elementor-column-gap-default\">\n\t\t\t\t\t<div class=\"elementor-column elementor-col-100 elementor-inner-column elementor-element elementor-element-152ab7a\" data-id=\"152ab7a\" data-element_type=\"column\">\n\t\t\t<div class=\"elementor-widget-wrap elementor-element-populated\">\n\t\t\t\t\t\t\t\t<div class=\"elementor-element elementor-element-a731cba elementor-align-center elementor-widget elementor-widget-button\" data-id=\"a731cba\" data-element_type=\"widget\" data-widget_type=\"button.default\">\n\t\t\t\t<div class=\"elementor-widget-container\">\n\t\t\t\t\t<div class=\"elementor-button-wrapper\">\n\t\t\t<a href=\"https:\/\/www.instagram.com\/ayart_creation\/\" class=\"elementor-button-link elementor-button elementor-size-lg\" role=\"button\">\n\t\t\t\t\t\t<span class=\"elementor-button-content-wrapper\">\n\t\t\t\t\t\t\t<span class=\"elementor-button-icon elementor-align-icon-left\">\n\t\t\t\t<i aria-hidden=\"true\" class=\"far fa-hand-point-right\"><\/i>\t\t\t<\/span>\n\t\t\t\t\t\t<span class=\"elementor-button-text\">@Ayart<\/span>\n\t\t<\/span>\n\t\t\t\t\t<\/a>\n\t\t<\/div>\n\t\t\t\t<\/div>\n\t\t\t\t<\/div>\n\t\t\t\t\t<\/div>\n\t\t<\/div>\n\t\t\t\t\t\t\t<\/div>\n\t\t<\/section>\n\t\t\t\t\t<\/div>\n\t\t<\/div>\n\t\t\t\t\t\t\t<\/div>\n\t\t<\/section>\n\t\t\t\t\t\t\t<\/div>","protected":false},"excerpt":{"rendered":"<p>Best Sellers Shop All Aya omrane Montreal-based artist specializing in contemporary digital art. Thanks to Arabic calligraphy and the panoply of colors used in her works, a message of support and freedom is transmitted to all women around the world. It is inspired by Montreal&#8217;s diversity and multicultural landscape. @Ayart<\/p>","protected":false},"author":1,"featured_media":0,"parent":0,"menu_order":0,"comment_status":"closed","ping_status":"closed","template":"elementor_theme","meta":[],"_links":{"self":[{"href":"https:\/\/ayart.ca\/fr\/wp-json\/wp\/v2\/pages\/100671"}],"collection":[{"href":"https:\/\/ayart.ca\/fr\/wp-json\/wp\/v2\/pages"}],"about":[{"href":"https:\/\/ayart.ca\/fr\/wp-json\/wp\/v2\/types\/page"}],"author":[{"embeddable":true,"href":"https:\/\/ayart.ca\/fr\/wp-json\/wp\/v2\/users\/1"}],"replies":[{"embeddable":true,"href":"https:\/\/ayart.ca\/fr\/wp-json\/wp\/v2\/comments?post=100671"}],"version-history":[{"count":472,"href":"https:\/\/ayart.ca\/fr\/wp-json\/wp\/v2\/pages\/100671\/revisions"}],"predecessor-version":[{"id":102506,"href":"https:\/\/ayart.ca\/fr\/wp-json\/wp\/v2\/pages\/100671\/revisions\/102506"}],"wp:attachment":[{"href":"https:\/\/ayart.ca\/fr\/wp-json\/wp\/v2\/media?parent=100671"}],"curies":[{"name":"wp","href":"https:\/\/api.w.org\/{rel}","templated":true}]}}